{"id":8,"date":"2023-06-27T10:52:44","date_gmt":"2023-06-27T08:52:44","guid":{"rendered":"https:\/\/testumgebung.vsb-mietservice.de\/?page_id=8"},"modified":"2024-04-16T13:06:56","modified_gmt":"2024-04-16T11:06:56","slug":"impressum","status":"publish","type":"page","link":"https:\/\/testumgebung.vsb-mietservice.de\/index.php\/impressum\/","title":{"rendered":"Impressum"},"content":{"rendered":"\n<h3 class=\"wp-block-heading\">Anbieter:<\/h3>\n\n\n\n<h3 class=\"wp-block-heading\">VSB Miet-Service<\/h3>\n\n\n\n<p>Inhaber:\u00a0Panagiotis Tsarnouchas<br>Domb\u00fchler Str. 45<br>90449 N\u00fcrnberg<\/p>\n\n\n\n<p>Eingetragen im Handelsregister N\u00fcrnberg:&nbsp;HRB-Nr.: 15201<\/p>\n\n\n\n<p>USt-ID:&nbsp;DE244454413<\/p>\n\n\n\n<p>Telefon: +49 911 23555506<br>Telefax: +49 911 22 32 27<br>E-Mail: <a href=\"mailto:info@vsb-mietservice.de\">info@vsb-mietservice.de<\/a><\/p>\n\n\n\n<h1 class=\"wp-block-heading\">Rechtliche Hinweise<\/h1>\n\n\n\n<h3 class=\"wp-block-heading\">Nutzungsbedingungen<\/h3>\n\n\n\n<p>Die Nutzung der unter dieser Domain angebotenen Inhalte erfolgt freiwillig und auf eigenes Risiko. Sollten sie mit diesen und den folgenden Bedingungen teilweise oder ganz nicht einverstanden sein, dann beenden sie die Nutzung dieses Angebots bitte unverz\u00fcglich.<\/p>\n\n\n\n<p>Wir behalten uns das Recht vor, jederzeit \u00c4nderungen oder Erg\u00e4nzungen an den bereitgestellten Informationen vorzunehmen. Dieses Angebot beinhaltet keinerlei Verpflichtung die Inhalte dauerhaft und ohne Unterbrechung bereit zu stellen.<\/p>\n\n\n\n<h3 class=\"wp-block-heading\">Haftung f\u00fcr Inhalte<\/h3>\n\n\n\n<p>Wir pr\u00fcfen und aktualisieren die Informationen auf unseren Webseiten st\u00e4ndig. Trotz aller Sorgfalt k\u00f6nnen sich Daten und Informationen jeglicher Art inzwischen ver\u00e4ndert haben. Eine Gew\u00e4hr oder sonstiges Einstehen f\u00fcr die Aktualit\u00e4t, Richtigkeit und Vollst\u00e4ndigkeit der zur Verf\u00fcgung gestellten Informationen k\u00f6nnen wir daher nicht geben.<\/p>\n\n\n\n<h3 class=\"wp-block-heading\">Haftung f\u00fcr Hyperlinks<\/h3>\n\n\n\n<p>Unser Angebot kann Hyperlinks zu Angeboten Dritter enthalten. Wir machen uns das Angebot dieser verlinkten Seiten nicht zu eigen und da wir keinen Einfluss auf deren Inhalt haben lehnen wir jede Gew\u00e4hr dazu ab. Wir pr\u00fcfen die eingebundenen Hyperlinks sorgf\u00e4ltig auf m\u00f6gliche Rechtsverst\u00f6\u00dfe und binden diese nur ein, wenn uns keine solchen bekannt oder ersichtlich sind. Dennoch k\u00f6nnen sich die Inhalte Dritter ohne unser eigenes Zutun ver\u00e4ndern und eine st\u00e4ndige und wiederholte Pr\u00fcfung ohne einen konkreten Anhaltspunkt ist uns nicht zumutbar. Sobald uns Rechtsverletzungen verlinkter Seiten bekannt werden erkl\u00e4ren wir uns bereit die Verlinkung umgehend zu entfernen.<\/p>\n","protected":false},"excerpt":{"rendered":"<p>Anbieter: VSB Miet-Service Inhaber:\u00a0Panagiotis TsarnouchasDomb\u00fchler Str. 4590449 N\u00fcrnberg Eingetragen im Handelsregister N\u00fcrnberg:&nbsp;HRB-Nr.: 15201 USt-ID:&nbsp;DE244454413 Telefon: +49 911 23555506Telefax: +49 911 22 32 27E-Mail: info@vsb-mietservice.de Rechtliche Hinweise Nutzungsbedingungen Die Nutzung der unter dieser Domain angebotenen Inhalte erfolgt freiwillig und auf eigenes Risiko. Sollten sie mit diesen und den folgenden Bedingungen teilweise oder ganz nicht einverstanden sein, [&hellip;]<\/p>\n","protected":false},"author":1,"featured_media":0,"parent":0,"menu_order":0,"comment_status":"closed","ping_status":"closed","template":"","meta":{"footnotes":""},"class_list":["post-8","page","type-page","status-publish","hentry"],"_links":{"self":[{"href":"https:\/\/testumgebung.vsb-mietservice.de\/index.php\/wp-json\/wp\/v2\/pages\/8","targetHints":{"allow":["GET"]}}],"collection":[{"href":"https:\/\/testumgebung.vsb-mietservice.de\/index.php\/wp-json\/wp\/v2\/pages"}],"about":[{"href":"https:\/\/testumgebung.vsb-mietservice.de\/index.php\/wp-json\/wp\/v2\/types\/page"}],"author":[{"embeddable":true,"href":"https:\/\/testumgebung.vsb-mietservice.de\/index.php\/wp-json\/wp\/v2\/users\/1"}],"replies":[{"embeddable":true,"href":"https:\/\/testumgebung.vsb-mietservice.de\/index.php\/wp-json\/wp\/v2\/comments?post=8"}],"version-history":[{"count":5,"href":"https:\/\/testumgebung.vsb-mietservice.de\/index.php\/wp-json\/wp\/v2\/pages\/8\/revisions"}],"predecessor-version":[{"id":325,"href":"https:\/\/testumgebung.vsb-mietservice.de\/index.php\/wp-json\/wp\/v2\/pages\/8\/revisions\/325"}],"wp:attachment":[{"href":"https:\/\/testumgebung.vsb-mietservice.de\/index.php\/wp-json\/wp\/v2\/media?parent=8"}],"curies":[{"name":"wp","href":"https:\/\/api.w.org\/{rel}","templated":true}]}}